{"id":25,"date":"2026-02-16T12:00:14","date_gmt":"2026-02-16T12:00:14","guid":{"rendered":"https:\/\/tfi.kjq.mybluehost.me\/about\/"},"modified":"2026-05-06T20:49:20","modified_gmt":"2026-05-06T16:49:20","slug":"um","status":"publish","type":"page","link":"https:\/\/omanverified.com\/de\/about\/","title":{"rendered":"\u00dcber uns"},"content":{"rendered":"<div class=\"nfd-container is-style-default wp-block-group nfd-bg-effect-grid has-global-padding is-layout-constrained wp-container-core-group-is-layout-9972cd97 wp-block-group-is-layout-constrained\" style=\"min-height:0px;padding-top:100px;padding-right:0;padding-bottom:100px;padding-left:0\">\n<h1 class=\"wp-block-heading\" id=\"h-about-oman-verified\" style=\"margin-bottom:24px\">\u00dcber OMAN VERIFIED<\/h1>\n\n\n\n<p class=\"\">OMAN VERIFIED ist meine private Beratungspraxis mit Schwerpunkt auf strukturiertem Markteintritt, strategischer Grundlagenentwicklung und Gesch\u00e4ftsoptimierung in Oman.<\/p>\n\n\n\n<p class=\"\">Ich habe es nach einem einzigen Prinzip aufgebaut:<br><strong>Klarheit vor dem Handeln.<\/strong><\/p>\n\n\n\n<p class=\"\">Meine Arbeit basiert auf Struktur, diszipliniertem Denken und der richtigen Abfolge von Schritten \u2013 egal ob es um die Unterst\u00fctzung eines neuen Unternehmenseintritts oder die Verbesserung der Struktur und Ausrichtung eines bestehenden Unternehmens geht.<\/p>\n<\/div>\n\n\n\n<div class=\"nfd-container wp-block-group has-contrast-color has-contrast-background-color has-text-color has-background has-global-padding is-layout-constrained wp-block-group-is-layout-constrained\" style=\"padding-top:110px;padding-bottom:110px\">\n<h2 class=\"wp-block-heading has-accent-2-color has-text-color has-link-color wp-elements-2cd91a5683874326cea59a60011219f7\" id=\"h-about-the-founder\">\u00dcber den Gr\u00fcnder<\/h2>\n\n\n\n<hr class=\"wp-block-separator has-text-color has-accent-1-color has-alpha-channel-opacity has-accent-1-background-color has-background\" style=\"margin-top:10px;margin-bottom:26px\"\/>\n\n\n\n<div class=\"wp-block-columns are-vertically-aligned-top is-layout-flex wp-container-core-columns-is-layout-00723822 wp-block-columns-is-layout-flex\">\n<div class=\"wp-block-column is-layout-flow wp-block-column-is-layout-flow\" style=\"flex-basis:40%\">\n<figure class=\"is-resized wp-block-image size-full has-custom-border\"><img loading=\"lazy\" decoding=\"async\" width=\"1254\" height=\"1254\" src=\"https:\/\/omanverified.com\/wp-content\/uploads\/2026\/04\/About-Oman-verified-2.webp\" alt=\"\" class=\"wp-image-889\" style=\"border-radius:6px;aspect-ratio:4\/5;object-fit:cover\" srcset=\"https:\/\/omanverified.com\/wp-content\/uploads\/2026\/04\/About-Oman-verified-2.webp 1254w, https:\/\/omanverified.com\/wp-content\/uploads\/2026\/04\/About-Oman-verified-2-300x300.webp 300w, https:\/\/omanverified.com\/wp-content\/uploads\/2026\/04\/About-Oman-verified-2-1024x1024.webp 1024w, https:\/\/omanverified.com\/wp-content\/uploads\/2026\/04\/About-Oman-verified-2-150x150.webp 150w, https:\/\/omanverified.com\/wp-content\/uploads\/2026\/04\/About-Oman-verified-2-768x768.webp 768w, https:\/\/omanverified.com\/wp-content\/uploads\/2026\/04\/About-Oman-verified-2-12x12.webp 12w\" sizes=\"auto, (max-width: 1254px) 100vw, 1254px\" \/><\/figure>\n<\/div>\n\n\n\n<div class=\"wp-block-column is-layout-flow wp-block-column-is-layout-flow\" style=\"flex-basis:60%\">\n<p class=\"has-accent-2-color has-text-color has-link-color wp-elements-d162599cad783cf4924e4059a34bf62d\" style=\"margin-bottom:20px\">Ich arbeite direkt mit jedem Kunden zusammen.<\/p>\n\n\n\n<p class=\"has-accent-2-color has-text-color has-link-color wp-elements-9f8c009baf33fd8b6adef41ea1a15af7 translation-block\" style=\"margin-bottom:20px\">Meine Vorgehensweise ist methodisch und \u00fcberlegt.<br> Ich lege Wert auf Klarheit, einen klar definierten Rahmen und eine konsequente Umsetzung.<\/p>\n\n\n\n<p class=\"has-accent-2-color has-text-color has-link-color wp-elements-1c9e00450b4bc1f13a53df6f4f1e6e3d\" style=\"margin-bottom:20px\"> Ich habe nicht das Ziel, eine hohe Anzahl von Projekten zu managen.<\/p>\n\n\n\n<p class=\"has-accent-2-color has-text-color has-link-color wp-elements-02e2119df9f200d7d477d4f05b321f66\" style=\"margin-bottom:20px\">Ich bevorzuge fokussierte Aufgaben, bei denen Aufmerksamkeit, Disziplin und Verantwortungsbewusstsein z\u00e4hlen.<\/p>\n\n\n\n<p class=\"has-accent-2-color has-text-color has-link-color wp-elements-53231adf57ea6edad9069efe59ca60a5\" style=\"margin-bottom:20px\">Wenn ich ein Projekt annehme, werde ich es ernsthaft und mit klarem Engagement angehen.<\/p>\n\n\n\n<p class=\"has-base-color has-text-color has-link-color wp-elements-12818333ab816a104958d88e0fd5b593\">Weitere Informationen finden Sie in der vollst\u00e4ndigen Brosch\u00fcre. <a href=\"https:\/\/omanverified.com\/de\/meine-herangehensweise\/\" data-type=\"page\" data-id=\"724\"><strong>Meine Herangehensweise<\/strong><\/a>.<\/p>\n\n\n\n<p class=\"has-accent-1-color has-text-color has-link-color has-playfair-display-font-family wp-elements-345fe5ec176a702a01d573fa65f84078\">\u201cMir macht es Spa\u00df, Gesch\u00e4ftsprobleme aufzudecken und zu l\u00f6sen.\u201d<\/p>\n\n\n\n<p class=\"has-accent-1-color has-text-color has-link-color wp-elements-1470946dce57e665c9f32598d2e34bd1\" style=\"margin-bottom:20px\">Mehdi Jabbari<\/p>\n<\/div>\n<\/div>\n<\/div>\n\n\n\n<div class=\"nfd-container is-style-default wp-block-group has-global-padding is-layout-constrained wp-block-group-is-layout-constrained\" style=\"padding-top:100px;padding-bottom:100px\">\n<h2 class=\"wp-block-heading\" id=\"h-our-philosophy\" style=\"margin-bottom:24px\">Unsere Philosophie<\/h2>\n\n\n\n<div class=\"wp-block-group is-nowrap is-layout-flex wp-container-core-group-is-layout-6c531013 wp-block-group-is-layout-flex\">\n<div class=\"alignleft wp-block-separator has-text-color has-accent-1-color has-alpha-channel-opacity has-accent-1-background-color has-background\" style=\"margin-top:0px;margin-bottom:26px\"><\/div>\n<\/div>\n\n\n\n<p class=\"has-accent-3-color has-text-color\">Gesch\u00e4ftsentscheidungen \u2013 insbesondere in einem neuen Umfeld \u2013 erfordern mehr als nur Papierkram.<\/p>\n\n\n\n<p class=\"\">Sie ben\u00f6tigen:<\/p>\n\n\n\n<ul class=\"wp-block-list\">\n<li class=\"\">Korrekte Sequenzierung<\/li>\n\n\n\n<li class=\"\">Risikobewusstsein<\/li>\n\n\n\n<li class=\"\">Strukturelle Klarheit<\/li>\n<\/ul>\n\n\n\n<p class=\"has-accent-3-color has-text-color translation-block\">Ich glaube, Wachstum ohne Struktur ist fragil.<br> Die langfristige Positionierung h\u00e4ngt von der Ausrichtung ab.<\/p>\n<\/div>\n\n\n\n<div class=\"nfd-container is-style-default wp-block-group has-global-padding is-layout-constrained wp-block-group-is-layout-constrained\" style=\"padding-top:100px;padding-bottom:100px\">\n<h2 class=\"wp-block-heading\" id=\"h-who-i-work-with\" style=\"margin-bottom:24px\">Mit wem ich zusammenarbeite<\/h2>\n\n\n\n<div class=\"wp-block-group is-nowrap is-layout-flex wp-container-core-group-is-layout-6c531013 wp-block-group-is-layout-flex\">\n<div class=\"alignleft wp-block-separator has-text-color has-accent-1-color has-alpha-channel-opacity has-accent-1-background-color has-background\" style=\"margin-top:0px;margin-bottom:26px\"><\/div>\n<\/div>\n\n\n\n<div class=\"wp-block-group is-layout-flow wp-block-group-is-layout-flow\">\n<p class=\"\">Ich arbeite am besten mit:<\/p>\n\n\n\n<ul class=\"wp-block-list\">\n<li class=\"\">Investoren, die eine stabile, langfristige Positionierung anstreben<\/li>\n\n\n\n<li class=\"\">Unternehmer, die regelkonforme und strukturierte Abl\u00e4ufe aufbauen<\/li>\n\n\n\n<li class=\"\">Gesch\u00e4ftsinhaber, die bereit sind, ihre Struktur zu verfeinern und zu verbessern<\/li>\n\n\n\n<li class=\"\">Personen, die Vorbereitung \u00fcber Dringlichkeit stellen<\/li>\n<\/ul>\n<\/div>\n<\/div>\n\n\n\n<div class=\"nfd-container is-style-default wp-block-group has-base-background-color has-background nfd-bg-effect-dots has-global-padding is-layout-constrained wp-block-group-is-layout-constrained\" style=\"padding-top:100px;padding-bottom:100px\">\n<div class=\"wp-block-group is-layout-flow wp-block-group-is-layout-flow\">\n<h2 class=\"wp-block-heading\" id=\"h-closing-cta\" style=\"margin-bottom:18px\">Strategische Beratung<\/h2>\n\n\n\n<div class=\"wp-block-group is-nowrap is-layout-flex wp-container-core-group-is-layout-6c531013 wp-block-group-is-layout-flex\">\n<div class=\"alignleft wp-block-separator has-text-color has-accent-1-color has-alpha-channel-opacity has-accent-1-background-color has-background\" style=\"margin-top:0px;margin-bottom:26px\"><\/div>\n<\/div>\n\n\n\n<p class=\"has-accent-3-color has-text-color translation-block\" style=\"margin-bottom:30px\">Wenn Sie Wert auf durchdachte Umsetzung und strukturierten Fortschritt legen,<br> Sie sind herzlich eingeladen, mit einem privaten Beratungsgespr\u00e4ch zu beginnen.<\/p>\n\n\n\n<div class=\"is-style-default wp-block-group is-content-justification-left is-nowrap is-layout-flex wp-container-core-group-is-layout-fc9f69e7 wp-block-group-is-layout-flex\">\n<div class=\"wp-block-buttons is-layout-flex wp-block-buttons-is-layout-flex\">\n<div class=\"is-style-outline wp-block-button has-custom-width wp-block-button__width-100 is-style-outline--1\" id=\"https:\/\/omanverified.com\/private-consultation\/\"><a class=\"wp-block-button__link has-contrast-color has-accent-2-background-color has-text-color has-background has-border-color has-accent-1-border-color wp-element-button\" href=\"https:\/\/omanverified.com\/de\/strategische-beratung\/\" style=\"border-width:2px;border-top-left-radius:4px;border-top-right-radius:4px;border-bottom-left-radius:4px;border-bottom-right-radius:4px;padding-top:14px;padding-right:26px;padding-bottom:14px;padding-left:26px\">Strategische Beratung anfordern<\/a><\/div>\n<\/div>\n\n\n\n<p class=\"has-accent-3-color has-text-color has-small-font-size\" style=\"margin-top:12px\"><\/p>\n<\/div>\n\n\n\n<p class=\"is-style-text-wrap-balance has-accent-3-color has-text-color has-small-font-size is-style-text-wrap-balance--2\" style=\"margin-top:12px;margin-bottom:12px\">Beratung beginnt mit der Abstimmung.<\/p>\n<\/div>\n\n\n\n<p class=\"\"><\/p>\n<\/div>","protected":false},"excerpt":{"rendered":"<p>About OMAN VERIFIED OMAN VERIFIED is my private advisory practice focused on structured business entry, strategic foundations, and business refinement in Oman. I built it around one principle:clarity before action. My work is based on structure, disciplined thinking, and proper sequencing \u2014 whether supporting a new business entry or helping an existing business improve its [&hellip;]<\/p>\n","protected":false},"author":1,"featured_media":0,"parent":0,"menu_order":0,"comment_status":"closed","ping_status":"closed","template":"page-no-title","meta":{"nf_dc_page":"about","footnotes":""},"class_list":["post-25","page","type-page","status-publish","hentry"],"_links":{"self":[{"href":"https:\/\/omanverified.com\/de\/wp-json\/wp\/v2\/pages\/25","targetHints":{"allow":["GET"]}}],"collection":[{"href":"https:\/\/omanverified.com\/de\/wp-json\/wp\/v2\/pages"}],"about":[{"href":"https:\/\/omanverified.com\/de\/wp-json\/wp\/v2\/types\/page"}],"author":[{"embeddable":true,"href":"https:\/\/omanverified.com\/de\/wp-json\/wp\/v2\/users\/1"}],"replies":[{"embeddable":true,"href":"https:\/\/omanverified.com\/de\/wp-json\/wp\/v2\/comments?post=25"}],"version-history":[{"count":2,"href":"https:\/\/omanverified.com\/de\/wp-json\/wp\/v2\/pages\/25\/revisions"}],"predecessor-version":[{"id":962,"href":"https:\/\/omanverified.com\/de\/wp-json\/wp\/v2\/pages\/25\/revisions\/962"}],"wp:attachment":[{"href":"https:\/\/omanverified.com\/de\/wp-json\/wp\/v2\/media?parent=25"}],"curies":[{"name":"wp","href":"https:\/\/api.w.org\/{rel}","templated":true}]}}