{"id":26,"date":"2026-02-16T12:00:14","date_gmt":"2026-02-16T12:00:14","guid":{"rendered":"https:\/\/tfi.kjq.mybluehost.me\/services\/"},"modified":"2026-03-25T20:00:48","modified_gmt":"2026-03-25T16:00:48","slug":"dienstleistungen","status":"publish","type":"page","link":"https:\/\/omanverified.com\/de\/services\/","title":{"rendered":"Dienstleistungen"},"content":{"rendered":"<div class=\"nfd-container is-style-default wp-block-group nfd-bg-effect-grid has-global-padding is-layout-constrained wp-container-core-group-is-layout-9503b869 wp-block-group-is-layout-constrained\" style=\"padding-top:100px;padding-bottom:100px\">\n<h1 class=\"wp-block-heading\" id=\"h-structured-advisory-for-business-setup-and-growth-in-oman\" style=\"margin-bottom:24px\">Strukturierte Beratung f\u00fcr Unternehmensgr\u00fcndung und Wachstum im Oman<\/h1>\n\n\n\n<p class=\"has-accent-3-color has-text-color\" style=\"margin-bottom:20px\">Ich biete strukturierte Beratung f\u00fcr Investoren, Gr\u00fcnder und Gesch\u00e4ftsinhaber, die in Oman Klarheit, Ausrichtung und disziplinierte Umsetzung ben\u00f6tigen.<\/p>\n\n\n\n<p class=\"translation-block\">Meine Arbeit konzentriert sich darauf, Unternehmen dabei zu helfen <strong>, richtig in den Markt einzutreten, ein solides Fundament zu schaffen und ihre Struktur im Zuge ihres Wachstums zu verfeinern.<\/strong><\/p>\n\n\n\n<p class=\"has-accent-3-color has-text-color translation-block\" style=\"margin-bottom:20px\">Diese Empfehlung ist nicht f\u00fcr Dienstleistungen mit hohem Volumen oder generische Dienstleistungen gedacht.<br> Es richtet sich an Gr\u00fcnder, die Wert auf <strong>Klarheit, Struktur und langfristiges Denken legen.<\/strong><\/p>\n<\/div>\n\n\n\n<div class=\"nfd-container is-style-default wp-block-group has-global-padding is-layout-constrained wp-container-core-group-is-layout-9503b869 wp-block-group-is-layout-constrained\" style=\"padding-top:100px;padding-bottom:100px\">\n<h2 class=\"wp-block-heading\" id=\"h-two-engagement-paths\" style=\"margin-bottom:24px\">Beratungspfade<\/h2>\n\n\n\n<div class=\"wp-block-group is-layout-flow wp-block-group-is-layout-flow\">\n<div class=\"wp-block-separator has-text-color has-accent-1-color has-alpha-channel-opacity has-accent-1-background-color has-background\" style=\"margin-top:0px;margin-bottom:26px\"><\/div>\n\n\n\n<p class=\"has-text-align-left has-accent-3-color has-text-color\" style=\"margin-top:0;margin-bottom:16px\"><strong>01<\/strong><\/p>\n\n\n\n<h3 class=\"wp-block-heading\" id=\"h-structured-business-entry\" style=\"margin-bottom:12px\">Strukturierter Gesch\u00e4ftseintritt<\/h3>\n\n\n\n<p id=\"h-structured-business-entryfor-investors-and-entrepreneurs-establishing-a-new-business-in-oman\" class=\"\">F\u00fcr Investoren und Unternehmer, die ein neues Unternehmen im Oman gr\u00fcnden m\u00f6chten.<\/p>\n\n\n\n<p class=\"translation-block\">Dieses Projekt konzentriert sich auf die Schaffung einer <strong>soliden baulichen Grundlage, bevor der operative Betrieb beginnt.<\/strong><\/p>\n\n\n\n<p class=\"\">Typische Anwendungsbereiche sind:<\/p>\n\n\n\n<ul class=\"wp-block-list\">\n<li class=\"\">die geeignete Rechtsstruktur festlegen<\/li>\n\n\n\n<li class=\"\">Planung des Gesch\u00e4ftsgr\u00fcndungsprozesses<\/li>\n\n\n\n<li class=\"\">Koordinierung der Unternehmensregistrierung<\/li>\n\n\n\n<li class=\"\">Leitlinien f\u00fcr die Residenzpflichten von Investoren<\/li>\n\n\n\n<li class=\"\">fr\u00fchzeitige strukturelle Klarheit gew\u00e4hrleisten<\/li>\n<\/ul>\n\n\n\n<p class=\"translation-block\">Dies ist <strong>keine einfache Firmenregistrierung.<\/strong><\/p>\n\n\n\n<p class=\"translation-block\">Es geht darum <strong>, strukturiert und vorbereitet in den Markt einzutreten.<\/strong><\/p>\n\n\n\n<p class=\"has-accent-1-color has-text-color has-link-color wp-elements-622f5869ff62cdc93d54875d7879b6d0\" style=\"margin-bottom:18px\"><a href=\"https:\/\/omanverified.com\/de\/structured-business-entry\/\" data-type=\"page\" data-id=\"381\">\u2192 Erfahren Sie mehr \u00fcber <strong>Strukturierter Gesch\u00e4ftseintritt<\/strong><\/a><\/p>\n\n\n\n<hr class=\"is-style-dots wp-block-separator has-text-color has-accent-1-color has-alpha-channel-opacity has-accent-1-background-color has-background\"\/>\n\n\n\n<p class=\"has-accent-3-color has-text-color\" style=\"margin-bottom:8px\"><strong>02<\/strong><\/p>\n\n\n\n<h3 class=\"wp-block-heading\" id=\"h-structural-amp-strategic-elevation\" style=\"margin-bottom:12px\">Strategische Grundlagen<\/h3>\n\n\n\n<p class=\"has-accent-3-color has-text-color\" style=\"margin-bottom:18px\">F\u00fcr Gr\u00fcnder, die ein neues Dienstleistungsunternehmen gr\u00fcnden wollen.<\/p>\n\n\n\n<p class=\"translation-block\">Dieses Projekt konzentriert sich darauf, die <strong>Kernstruktur des Unternehmens vor dem Start festzulegen.<\/strong><\/p>\n\n\n\n<p class=\"\">Typische Anwendungsbereiche sind:<\/p>\n\n\n\n<ul class=\"wp-block-list\">\n<li class=\"\">Klarheit des Gesch\u00e4ftskonzepts<\/li>\n\n\n\n<li class=\"\">Kundenerlebnisgestaltung<\/li>\n\n\n\n<li class=\"\">Marktpositionierung<\/li>\n\n\n\n<li class=\"\">Preislogik<\/li>\n\n\n\n<li class=\"\">fr\u00fche operative Struktur<\/li>\n<\/ul>\n\n\n\n<p class=\"translation-block\">Ziel ist es, sicherzustellen, dass das Unternehmen von Anfang an \u00fcber <strong>eine klare Identit\u00e4t und eine koh\u00e4rente Struktur verf\u00fcgt.<\/strong><\/p>\n\n\n\n<p class=\"has-accent-1-color has-text-color has-link-color wp-elements-eb6ede303520d462aa063073dc7f9af8\" style=\"margin-bottom:18px\"><a href=\"https:\/\/omanverified.com\/de\/strategische-grundlagen\/\" data-type=\"page\" data-id=\"510\">\u2192 Erfahren Sie mehr \u00fcber <strong>Strategische Grundlagen<\/strong><\/a><\/p>\n\n\n\n<hr class=\"is-style-dots wp-block-separator has-text-color has-accent-1-color has-alpha-channel-opacity has-accent-1-background-color has-background\"\/>\n<\/div>\n\n\n\n<p class=\"has-accent-3-color has-text-color has-link-color wp-elements-dc6c39b10eaf2d0a8ef8349c36469167\" style=\"margin-bottom:18px\"><strong>03<\/strong><\/p>\n\n\n\n<h3 class=\"wp-block-heading\">Gesch\u00e4ftsoptimierung<\/h3>\n\n\n\n<p class=\"\">F\u00fcr operative Dienstleistungsunternehmen, die eine st\u00e4rkere Struktur und eine klarere Ausrichtung anstreben.<\/p>\n\n\n\n<p class=\"translation-block\">Dieses Projekt konzentriert sich auf die Optimierung des Gesch\u00e4ftsbetriebs, sodass <strong>Erfahrung, Positionierung und operative Abl\u00e4ufe effektiv zusammenwirken.<\/strong><\/p>\n\n\n\n<p class=\"\">Typische Anwendungsbereiche sind:<\/p>\n\n\n\n<ul class=\"wp-block-list\">\n<li class=\"\">Optimierung des Kundenerlebnisses<\/li>\n\n\n\n<li class=\"\">operative Ausrichtung<\/li>\n\n\n\n<li class=\"\">Preis- und Werttransparenz<\/li>\n\n\n\n<li class=\"\">Marken- und Marktpositionierung<\/li>\n\n\n\n<li class=\"\">strategische Wachstumsausrichtung<\/li>\n<\/ul>\n\n\n\n<p class=\"translation-block\">Ziel ist es, das Unternehmen dabei zu unterst\u00fctzen, sich zu <strong>einer der st\u00e4rksten Optionen in seinem Markt zu entwickeln.<\/strong><\/p>\n\n\n\n<p class=\"has-accent-1-color has-text-color has-link-color wp-elements-d92c8a11e395a4ba1059e3497ae8eb04\"><a href=\"https:\/\/omanverified.com\/de\/geschaftsoptimierung\/\" data-type=\"page\" data-id=\"386\">\u2192 Erfahren Sie mehr \u00fcber <strong>Gesch\u00e4ftsoptimierung<\/strong><\/a><\/p>\n<\/div>\n\n\n\n<div class=\"nfd-container is-style-default wp-block-group has-base-background-color has-background nfd-bg-effect-dots has-global-padding is-layout-constrained wp-container-core-group-is-layout-9503b869 wp-block-group-is-layout-constrained\" style=\"padding-top:100px;padding-bottom:100px\">\n<h2 class=\"wp-block-heading\" id=\"h-how-i-work\" style=\"margin-bottom:24px\">Wie ich arbeite<\/h2>\n\n\n\n<div class=\"wp-block-columns is-layout-flex wp-container-core-columns-is-layout-28f84493 wp-block-columns-is-layout-flex\">\n<div class=\"wp-block-column is-vertically-aligned-center is-layout-flow wp-block-column-is-layout-flow\" style=\"flex-basis:100%\">\n<div class=\"wp-block-separator has-text-color has-accent-1-color has-alpha-channel-opacity has-accent-1-background-color has-background\" style=\"margin-top:0px;margin-bottom:26px\"><\/div>\n<\/div>\n<\/div>\n\n\n\n<ul class=\"wp-block-list\">\n<li class=\"\">Begrenzte und selektive Engagements<\/li>\n\n\n\n<li class=\"\">Klar definierter Geltungsbereich<\/li>\n\n\n\n<li class=\"\">Strukturiertes Denken vor der Ausf\u00fchrung<\/li>\n\n\n\n<li class=\"\">Disziplinierte Konsequenz<\/li>\n<\/ul>\n\n\n\n<p class=\"has-accent-3-color has-text-color translation-block\" style=\"margin-bottom:20px\">Ich lege mehr Wert auf <strong>Klarheit, Struktur und Abstimmung als auf Geschwindigkeit oder Quantit\u00e4t.<\/strong><\/p>\n\n\n\n<hr class=\"wp-block-separator has-text-color has-contrast-midtone-color has-alpha-channel-opacity has-contrast-midtone-background-color has-background\"\/>\n<\/div>\n\n\n\n<div class=\"nfd-container is-style-default wp-block-group has-accent-2-background-color has-background has-global-padding is-layout-constrained wp-container-core-group-is-layout-9503b869 wp-block-group-is-layout-constrained\" style=\"padding-top:100px;padding-bottom:100px\">\n<h2 class=\"wp-block-heading\" id=\"h-how-i-work\" style=\"margin-bottom:24px\">Strategische Beratung<\/h2>\n\n\n\n<div class=\"wp-block-columns is-layout-flex wp-container-core-columns-is-layout-28f84493 wp-block-columns-is-layout-flex\">\n<div class=\"wp-block-column is-vertically-aligned-center is-layout-flow wp-block-column-is-layout-flow\" style=\"flex-basis:100%\">\n<div class=\"wp-block-separator has-text-color has-accent-1-color has-alpha-channel-opacity has-accent-1-background-color has-background\" style=\"margin-top:0px;margin-bottom:26px\"><\/div>\n<\/div>\n<\/div>\n\n\n\n<p class=\"\">Alle Projekte beginnen mit einem kurzen strategischen Beratungsgespr\u00e4ch.<\/p>\n\n\n\n<p class=\"\">Dieses Gespr\u00e4ch hilft dabei, festzustellen, ob die Beratung in Ihrer Situation sinnvoll w\u00e4re.<\/p>\n\n\n\n<p class=\"\">Dauer: 15 Minuten<\/p>\n\n\n\n<hr class=\"wp-block-separator has-text-color has-contrast-midtone-color has-alpha-channel-opacity has-contrast-midtone-background-color has-background\"\/>\n\n\n\n<div class=\"wp-block-group is-nowrap is-layout-flex wp-container-core-group-is-layout-6c531013 wp-block-group-is-layout-flex\">\n<div class=\"wp-block-buttons is-content-justification-left is-layout-flex wp-container-core-buttons-is-layout-fc4fd283 wp-block-buttons-is-layout-flex\">\n<div class=\"wp-block-button\"><a class=\"wp-block-button__link has-contrast-color has-accent-2-background-color has-text-color has-background has-border-color has-accent-1-border-color wp-element-button\" href=\"https:\/\/omanverified.com\/de\/strategische-beratung\/\" style=\"border-width:2px;border-radius:4px;padding-top:14px;padding-right:26px;padding-bottom:14px;padding-left:26px\">Strategische Beratung anfordern<\/a><\/div>\n<\/div>\n<\/div>\n\n\n\n<p class=\"has-accent-3-color has-text-color has-small-font-size\" style=\"margin-top:12px\">Die Beratung erfolgt selektiv und strukturiert.<\/p>\n<\/div>","protected":false},"excerpt":{"rendered":"<p>Structured Advisory for Business Setup and Growth in Oman I provide structured advisory for investors, founders, and business owners who require clarity, alignment, and disciplined execution in Oman. My work focuses on helping businesses enter the market correctly, build strong foundations, and refine their structure as they grow. This advisory is not designed for high-volume [&hellip;]<\/p>\n","protected":false},"author":1,"featured_media":0,"parent":0,"menu_order":0,"comment_status":"closed","ping_status":"closed","template":"page-no-title","meta":{"nf_dc_page":"services","footnotes":""},"class_list":["post-26","page","type-page","status-publish","hentry"],"_links":{"self":[{"href":"https:\/\/omanverified.com\/de\/wp-json\/wp\/v2\/pages\/26","targetHints":{"allow":["GET"]}}],"collection":[{"href":"https:\/\/omanverified.com\/de\/wp-json\/wp\/v2\/pages"}],"about":[{"href":"https:\/\/omanverified.com\/de\/wp-json\/wp\/v2\/types\/page"}],"author":[{"embeddable":true,"href":"https:\/\/omanverified.com\/de\/wp-json\/wp\/v2\/users\/1"}],"replies":[{"embeddable":true,"href":"https:\/\/omanverified.com\/de\/wp-json\/wp\/v2\/comments?post=26"}],"version-history":[{"count":0,"href":"https:\/\/omanverified.com\/de\/wp-json\/wp\/v2\/pages\/26\/revisions"}],"wp:attachment":[{"href":"https:\/\/omanverified.com\/de\/wp-json\/wp\/v2\/media?parent=26"}],"curies":[{"name":"wp","href":"https:\/\/api.w.org\/{rel}","templated":true}]}}