{"id":33,"date":"2026-02-16T12:57:50","date_gmt":"2026-02-16T12:57:50","guid":{"rendered":"https:\/\/tfi.kjq.mybluehost.me\/home\/"},"modified":"2026-05-02T18:12:16","modified_gmt":"2026-05-02T14:12:16","slug":"home","status":"publish","type":"page","link":"https:\/\/omanverified.com\/de\/","title":{"rendered":"Heim"},"content":{"rendered":"<div class=\"nfd-container is-style-default wp-block-group has-accent-2-background-color has-background nfd-bg-effect-lines has-global-padding is-layout-constrained wp-container-core-group-is-layout-94ce10f8 wp-block-group-is-layout-constrained\" style=\"padding-top:0px;padding-bottom:0px\">\n<div class=\"wp-block-columns are-vertically-aligned-center is-layout-flex wp-container-core-columns-is-layout-59b338dc wp-block-columns-is-layout-flex\" style=\"padding-top:0;padding-right:0;padding-bottom:0;padding-left:0\">\n<div class=\"wp-block-column is-vertically-aligned-center is-layout-flow wp-block-column-is-layout-flow\" style=\"flex-basis:55%\">\n<div class=\"wp-block-group has-global-padding is-layout-constrained wp-container-core-group-is-layout-b42d8546 wp-block-group-is-layout-constrained\">\n<h1 class=\"wp-block-heading has-contrast-color has-text-color\" id=\"h-structured-business-setup-and-professional-elevation-in-oman\" style=\"padding-top:var(--wp--preset--spacing--40);padding-bottom:var(--wp--preset--spacing--40)\">Strategische Beratung f\u00fcr Dienstleistungsunternehmen und Investoren im Oman<\/h1>\n\n\n\n<p class=\"has-accent-3-color has-text-color\">Wir helfen Gr\u00fcndern beim Markteintritt in Oman, beim Aufbau gut strukturierter Unternehmen und bei der Optimierung des Kundenerlebnisses, um zu den Besten in ihrem Markt zu geh\u00f6ren.<\/p>\n\n\n\n<hr class=\"wp-block-separator has-text-color has-accent-2-color has-alpha-channel-opacity has-accent-2-background-color has-background\"\/>\n\n\n\n<div class=\"is-style-default wp-block-group is-content-justification-left is-nowrap is-layout-flex wp-container-core-group-is-layout-fc9f69e7 wp-block-group-is-layout-flex\">\n<div class=\"wp-block-buttons is-layout-flex wp-block-buttons-is-layout-flex\">\n<div class=\"is-style-outline wp-block-button has-custom-width wp-block-button__width-100 is-style-outline--1\" id=\"https:\/\/omanverified.com\/private-consultation\/\"><a class=\"wp-block-button__link has-contrast-color has-accent-2-background-color has-text-color has-background has-border-color has-accent-1-border-color wp-element-button\" href=\"https:\/\/omanverified.com\/de\/strategische-beratung\/\" style=\"border-width:2px;border-top-left-radius:4px;border-top-right-radius:4px;border-bottom-left-radius:4px;border-bottom-right-radius:4px;padding-top:14px;padding-right:26px;padding-bottom:14px;padding-left:26px\">Strategische Beratung anfordern<\/a><\/div>\n<\/div>\n\n\n\n<div class=\"wp-block-buttons is-layout-flex wp-container-core-buttons-is-layout-650483e0 wp-block-buttons-is-layout-flex\" style=\"padding-right:0;padding-left:0\"><\/div>\n<\/div>\n\n\n\n<p class=\"has-accent-3-color has-text-color has-small-font-size\" style=\"margin-top:12px\">Klar denken. Strukturierte Entscheidungen treffen. Korrekt umgesetzt.<\/p>\n<\/div>\n<\/div>\n\n\n\n<div class=\"wp-block-column is-vertically-aligned-center is-layout-flow wp-block-column-is-layout-flow\" style=\"flex-basis:45%\">\n<figure class=\"wp-block-image size-full has-custom-border\" style=\"margin-top:0;margin-right:0;margin-bottom:0;margin-left:0\"><img loading=\"lazy\" decoding=\"async\" width=\"819\" height=\"1229\" src=\"https:\/\/omanverified.com\/wp-content\/uploads\/2026\/04\/Oman-Verified-Founder-1.webp\" alt=\"\" class=\"wp-image-887\" style=\"border-style:none;border-width:0px;border-top-left-radius:0px;border-top-right-radius:0px;border-bottom-left-radius:0px;border-bottom-right-radius:0px;object-fit:cover\" srcset=\"https:\/\/omanverified.com\/wp-content\/uploads\/2026\/04\/Oman-Verified-Founder-1.webp 819w, https:\/\/omanverified.com\/wp-content\/uploads\/2026\/04\/Oman-Verified-Founder-1-200x300.webp 200w, https:\/\/omanverified.com\/wp-content\/uploads\/2026\/04\/Oman-Verified-Founder-1-682x1024.webp 682w, https:\/\/omanverified.com\/wp-content\/uploads\/2026\/04\/Oman-Verified-Founder-1-768x1152.webp 768w, https:\/\/omanverified.com\/wp-content\/uploads\/2026\/04\/Oman-Verified-Founder-1-8x12.webp 8w\" sizes=\"auto, (max-width: 819px) 100vw, 819px\" \/><\/figure>\n<\/div>\n<\/div>\n<\/div>\n\n\n\n<div class=\"nfd-container wp-block-group has-base-background-color has-background has-global-padding is-layout-constrained wp-container-core-group-is-layout-14ea90b6 wp-block-group-is-layout-constrained\" style=\"padding-top:85px;padding-bottom:85px\">\n<div class=\"wp-block-group has-global-padding is-layout-constrained wp-container-core-group-is-layout-21deba94 wp-block-group-is-layout-constrained\">\n<h2 class=\"wp-block-heading\" id=\"h-what-is-oman-verified\" style=\"margin-bottom:18px\"><a href=\"https:\/\/omanverified.com\/de\/um\/\" data-type=\"page\" data-id=\"25\">\u00dcber Oman Verified<\/a><\/h2>\n\n\n\n<hr class=\"wp-block-separator has-text-color has-accent-1-color has-alpha-channel-opacity has-accent-1-background-color has-background\" style=\"margin-bottom:26px\"\/>\n\n\n\n<p class=\"\">Oman Verified ist eine private Beratungsfirma unter der Leitung von Mehdi Jabbari.<\/p>\n\n\n\n<p class=\"\">Im Mittelpunkt steht nicht das Volumen, sondern die sorgf\u00e4ltige Zusammenarbeit mit Gr\u00fcndern, die disziplinierte und gut strukturierte Unternehmen aufbauen wollen.<\/p>\n\n\n\n<p class=\"\">Jede Zusammenarbeit beginnt mit einem gr\u00fcndlichen Verst\u00e4ndnis des Unternehmens, bevor eine strategische Ausrichtung festgelegt wird.<\/p>\n<\/div>\n<\/div>\n\n\n\n<div class=\"nfd-container wp-block-group has-accent-2-background-color has-background has-global-padding is-layout-constrained wp-container-core-group-is-layout-20783805 wp-block-group-is-layout-constrained\" style=\"padding-top:110px;padding-bottom:110px\">\n<h2 class=\"wp-block-heading\" id=\"h-our-process\" style=\"margin-bottom:18px\">Beratungsdienstleistungen<\/h2>\n\n\n\n<hr class=\"wp-block-separator has-text-color has-accent-1-color has-alpha-channel-opacity has-accent-1-background-color has-background\" style=\"margin-bottom:26px\"\/>\n\n\n\n<div class=\"wp-block-columns is-layout-flex wp-container-core-columns-is-layout-6964ed94 wp-block-columns-is-layout-flex\" style=\"padding-right:0;padding-left:0\">\n<div class=\"wp-block-column is-layout-flow wp-block-column-is-layout-flow\">\n<p class=\"has-accent-4-color has-text-color\">01<\/p>\n\n\n\n<h3 class=\"is-style-default wp-block-heading\" id=\"h-clarity-before-action\" style=\"margin-bottom:12px\"><a href=\"https:\/\/omanverified.com\/de\/structured-business-entry\/\" data-type=\"page\" data-id=\"381\">Strukturierter Gesch\u00e4ftseintritt in Oman<\/a><\/h3>\n\n\n\n<p id=\"h-clarity-before-action-no-action-is-taken-without-structural-clarity\" class=\"\">F\u00fcr internationale Gr\u00fcnder und Investoren, die ein Unternehmen im Oman mit Klarheit und angemessener Struktur gr\u00fcnden m\u00f6chten.<\/p>\n\n\n\n<ul class=\"wp-block-list\">\n<li class=\"\">Residenz<\/li>\n\n\n\n<li class=\"\">Unternehmensgr\u00fcndung<\/li>\n\n\n\n<li class=\"\">Markteintrittsorientierung<\/li>\n<\/ul>\n<\/div>\n\n\n\n<div class=\"wp-block-column is-layout-flow wp-block-column-is-layout-flow\">\n<p class=\"has-accent-4-color has-text-color\">02<\/p>\n\n\n\n<h3 class=\"wp-block-heading\" id=\"h-structural-thinking\" style=\"margin-bottom:12px\"><a href=\"https:\/\/omanverified.com\/de\/strategische-grundlagen\/\" data-type=\"page\" data-id=\"510\">Strategische Grundlagen in Oman<\/a><\/h3>\n\n\n\n<p class=\"has-accent-3-color has-text-color\">F\u00fcr Gr\u00fcnder, die ein neues Dienstleistungsunternehmen gr\u00fcnden wollen und dieses auf einer soliden strategischen Grundlage aufbauen m\u00f6chten.<\/p>\n\n\n\n<ul class=\"wp-block-list has-accent-3-color has-text-color\">\n<li class=\"\">Klarheit des Gesch\u00e4ftskonzepts<\/li>\n\n\n\n<li class=\"\">Kundenerlebnisgestaltung<\/li>\n\n\n\n<li class=\"\">Marktpositionierung<\/li>\n<\/ul>\n<\/div>\n\n\n\n<div class=\"wp-block-column is-layout-flow wp-block-column-is-layout-flow\">\n<p class=\"has-accent-4-color has-text-color\">03<\/p>\n\n\n\n<h3 class=\"wp-block-heading\" id=\"h-defined-scope\" style=\"margin-bottom:12px\"><a href=\"https:\/\/omanverified.com\/de\/geschaftsoptimierung\/\" data-type=\"page\" data-id=\"386\">Optimierung eines bestehenden Gesch\u00e4fts im Oman<\/a><\/h3>\n\n\n\n<p class=\"\">F\u00fcr wachsende Dienstleistungsunternehmen, die ihre Struktur st\u00e4rken, das Kundenerlebnis verbessern und zu den Besten in ihrem Markt geh\u00f6ren wollen.<\/p>\n\n\n\n<ul class=\"wp-block-list\">\n<li class=\"\">Optimierung des Kundenerlebnisses<\/li>\n\n\n\n<li class=\"\">Strategische Positionierung<\/li>\n\n\n\n<li class=\"\">Operative Ausrichtung<\/li>\n<\/ul>\n<\/div>\n<\/div>\n<\/div>\n\n\n\n<div class=\"nfd-container wp-block-group has-accent-2-background-color has-background nfd-bg-effect-grid has-global-padding is-layout-constrained wp-container-core-group-is-layout-20783805 wp-block-group-is-layout-constrained\" style=\"padding-top:110px;padding-bottom:110px\">\n<div class=\"wp-block-group has-global-padding is-layout-constrained wp-container-core-group-is-layout-21deba94 wp-block-group-is-layout-constrained\">\n<h2 class=\"wp-block-heading has-text-align-left\" id=\"h-why-structure-matters\" style=\"margin-bottom:18px\">Warum die Struktur wichtig ist<\/h2>\n\n\n\n<hr class=\"wp-block-separator has-text-color has-accent-1-color has-alpha-channel-opacity has-accent-1-background-color has-background\" style=\"margin-bottom:26px\"\/>\n\n\n\n<ul class=\"wp-block-list\">\n<li class=\"\">Verhindert kostspielige Entscheidungen in der Fr\u00fchphase<\/li>\n\n\n\n<li class=\"\">Sorgt f\u00fcr Transparenz hinsichtlich Kosten und Durchf\u00fchrung<\/li>\n\n\n\n<li class=\"\">Verringert vermeidbare Fehler<\/li>\n\n\n\n<li class=\"\">Schafft eine st\u00e4rkere Grundlage f\u00fcr langfristiges Wachstum<\/li>\n<\/ul>\n<\/div>\n<\/div>\n\n\n\n<div class=\"nfd-container wp-block-group has-accent-2-background-color has-background has-global-padding is-layout-constrained wp-container-core-group-is-layout-20783805 wp-block-group-is-layout-constrained\" style=\"padding-top:110px;padding-bottom:110px\">\n<h2 class=\"wp-block-heading\" id=\"h-our-process\" style=\"margin-bottom:18px\">Wie ich arbeite<\/h2>\n\n\n\n<hr class=\"wp-block-separator has-text-color has-accent-1-color has-alpha-channel-opacity has-accent-1-background-color has-background\" style=\"margin-bottom:26px\"\/>\n\n\n\n<div class=\"wp-block-columns is-layout-flex wp-container-core-columns-is-layout-6964ed94 wp-block-columns-is-layout-flex\" style=\"padding-right:0;padding-left:0\">\n<div class=\"wp-block-column is-layout-flow wp-block-column-is-layout-flow\">\n<p class=\"has-accent-4-color has-text-color\">01<\/p>\n\n\n\n<h3 class=\"wp-block-heading\" id=\"h-clarity-before-action\" style=\"margin-bottom:12px\">Klarheit vor dem Handeln<\/h3>\n\n\n\n<p id=\"h-clarity-before-action-no-action-is-taken-without-structural-clarity\" class=\"\">Ohne strukturelle Klarheit werden keine Ma\u00dfnahmen ergriffen.<\/p>\n<\/div>\n\n\n\n<div class=\"wp-block-column is-layout-flow wp-block-column-is-layout-flow\">\n<p class=\"has-accent-4-color has-text-color\">02<\/p>\n\n\n\n<h3 class=\"wp-block-heading\" id=\"h-structural-thinking\" style=\"margin-bottom:12px\">Strukturelles Denken<\/h3>\n\n\n\n<p class=\"has-accent-3-color has-text-color\">Struktur kommt vor Geschwindigkeit.<\/p>\n<\/div>\n\n\n\n<div class=\"wp-block-column is-layout-flow wp-block-column-is-layout-flow\">\n<p class=\"has-accent-4-color has-text-color\">03<\/p>\n\n\n\n<h3 class=\"wp-block-heading\" id=\"h-defined-scope\" style=\"margin-bottom:12px\">Definierter Geltungsbereich<\/h3>\n\n\n\n<p class=\"has-accent-3-color has-text-color\">Grenzen sch\u00fctzen beide Seiten<\/p>\n<\/div>\n\n\n\n<div class=\"wp-block-column is-layout-flow wp-block-column-is-layout-flow\">\n<p class=\"has-accent-4-color has-text-color\">04<\/p>\n\n\n\n<h3 class=\"wp-block-heading\" id=\"h-disciplined-execution\" style=\"margin-bottom:12px\">Disziplinierte Ausf\u00fchrung<\/h3>\n\n\n\n<p class=\"has-accent-3-color has-text-color\">Der Prozess wird methodisch und ohne Improvisation durchgef\u00fchrt.<\/p>\n<\/div>\n\n\n\n<div class=\"wp-block-column is-layout-flow wp-block-column-is-layout-flow\">\n<p class=\"has-accent-4-color has-text-color\">05<\/p>\n\n\n\n<h3 class=\"wp-block-heading\" id=\"h-measured-progress\" style=\"margin-bottom:12px\">Gemessener Fortschritt<\/h3>\n\n\n\n<p class=\"has-accent-3-color has-text-color\">Wachstum wird mit Stabilit\u00e4t und Best\u00e4ndigkeit angegangen.<\/p>\n<\/div>\n<\/div>\n<\/div>\n\n\n\n<div class=\"nfd-container wp-block-group has-accent-2-background-color has-background nfd-bg-effect-grid-perspective has-global-padding is-layout-constrained wp-container-core-group-is-layout-14ea90b6 wp-block-group-is-layout-constrained\" style=\"padding-top:85px;padding-bottom:85px\">\n<div class=\"wp-block-group has-global-padding is-layout-constrained wp-container-core-group-is-layout-21deba94 wp-block-group-is-layout-constrained\">\n<h2 class=\"wp-block-heading\" id=\"h-who-this-is-not-for\" style=\"margin-bottom:18px\">F\u00fcr wen dies nicht geeignet ist<\/h2>\n\n\n\n<hr class=\"wp-block-separator has-text-color has-accent-1-color has-alpha-channel-opacity has-accent-1-background-color has-background\" style=\"margin-bottom:26px\"\/>\n\n\n\n<ul class=\"wp-block-list\">\n<li class=\"\">Personen, die nur an einer schnellen Registrierung interessiert sind und keine ordentliche Planung vornehmen.<\/li>\n\n\n\n<li class=\"\">Diejenigen, die noch keine endg\u00fcltige Entscheidung f\u00fcr den Einstieg oder die Umstrukturierung eines Unternehmens getroffen haben<\/li>\n\n\n\n<li class=\"\">Diejenigen, die nach kurzfristigen oder risikoreichen Abk\u00fcrzungen suchen<\/li>\n<\/ul>\n<\/div>\n<\/div>\n\n\n\n<div class=\"nfd-container wp-block-group has-accent-2-color has-contrast-background-color has-text-color has-background has-global-padding is-layout-constrained wp-container-core-group-is-layout-e3970e48 wp-block-group-is-layout-constrained\" style=\"padding-top:120px;padding-bottom:120px\">\n<div class=\"wp-block-group has-global-padding is-layout-constrained wp-container-core-group-is-layout-21deba94 wp-block-group-is-layout-constrained\">\n<h2 class=\"wp-block-heading has-accent-2-color has-text-color has-link-color wp-elements-09f7271ba994e37d195a4144cd91151d\" id=\"h-a-personal-approach\" style=\"margin-bottom:18px\"><a href=\"https:\/\/omanverified.com\/de\/meine-herangehensweise\/\" data-type=\"page\" data-id=\"724\">Ein pers\u00f6nlicher Ansatz<\/a><\/h2>\n\n\n\n<hr class=\"wp-block-separator has-text-color has-accent-1-color has-alpha-channel-opacity has-accent-1-background-color has-background\" style=\"margin-bottom:26px\"\/>\n\n\n\n<p class=\"has-accent-2-color has-text-color\">Ich arbeite mit einer begrenzten Anzahl von Kunden.<br>Wenn ich eine Verpflichtung annehme, nehme ich sie ernst und halte sie sorgf\u00e4ltig ein.<br>Qualit\u00e4t und Ordnung sind mir wichtiger als die Menge.<\/p>\n<\/div>\n<\/div>\n\n\n\n<div class=\"nfd-container is-style-default wp-block-group has-contrast-color has-base-background-color has-text-color has-background nfd-bg-effect-dots has-global-padding is-layout-constrained wp-container-core-group-is-layout-20783805 wp-block-group-is-layout-constrained\" style=\"padding-top:110px;padding-bottom:110px\">\n<div class=\"wp-block-group has-global-padding is-layout-constrained wp-container-core-group-is-layout-21deba94 wp-block-group-is-layout-constrained\">\n<h2 class=\"wp-block-heading\" id=\"h-how-collaboration-begins\" style=\"margin-bottom:18px\">Wie Zusammenarbeit beginnt<\/h2>\n\n\n\n<hr class=\"wp-block-separator has-text-color has-accent-1-color has-alpha-channel-opacity has-accent-1-background-color has-background\" style=\"margin-bottom:26px\"\/>\n\n\n\n<p class=\"\">Alle Projekte beginnen mit einem kurzen strategischen Beratungsgespr\u00e4ch.<br>In dieser Sitzung wird der angemessene Arbeitsumfang definiert.<\/p>\n\n\n\n<p class=\"\">Dauer: 15 Minuten<\/p>\n\n\n\n<hr class=\"wp-block-separator has-text-color has-accent-6-color has-alpha-channel-opacity has-accent-6-background-color has-background\"\/>\n\n\n\n<div class=\"is-style-default wp-block-group is-content-justification-left is-nowrap is-layout-flex wp-container-core-group-is-layout-fc9f69e7 wp-block-group-is-layout-flex\">\n<div class=\"wp-block-buttons is-layout-flex wp-block-buttons-is-layout-flex\">\n<div class=\"is-style-outline wp-block-button has-custom-width wp-block-button__width-100 is-style-outline--2\" id=\"https:\/\/omanverified.com\/private-consultation\/\"><a class=\"wp-block-button__link has-contrast-color has-accent-2-background-color has-text-color has-background has-border-color has-accent-1-border-color wp-element-button\" href=\"https:\/\/omanverified.com\/de\/strategische-beratung\/\" style=\"border-width:2px;border-top-left-radius:4px;border-top-right-radius:4px;border-bottom-left-radius:4px;border-bottom-right-radius:4px;padding-top:14px;padding-right:26px;padding-bottom:14px;padding-left:26px\">Strategische Beratung anfordern<\/a><\/div>\n<\/div>\n<\/div>\n<\/div>\n<\/div>","protected":false},"excerpt":{"rendered":"<p>Strategic Advisory for Service Businesses and Investors in Oman Helping founders enter Oman, build well-structured businesses, and refine customer experience to become one of the best in their market. Clear thinking. Structured decisions. Done correctly. About Oman Verified Oman Verified is a private advisory practice led by Mehdi Jabbari. The focus is not on volume, [&hellip;]<\/p>\n","protected":false},"author":1,"featured_media":0,"parent":0,"menu_order":0,"comment_status":"closed","ping_status":"closed","template":"page-no-title","meta":{"nf_dc_page":"home","footnotes":""},"class_list":["post-33","page","type-page","status-publish","hentry"],"_links":{"self":[{"href":"https:\/\/omanverified.com\/de\/wp-json\/wp\/v2\/pages\/33","targetHints":{"allow":["GET"]}}],"collection":[{"href":"https:\/\/omanverified.com\/de\/wp-json\/wp\/v2\/pages"}],"about":[{"href":"https:\/\/omanverified.com\/de\/wp-json\/wp\/v2\/types\/page"}],"author":[{"embeddable":true,"href":"https:\/\/omanverified.com\/de\/wp-json\/wp\/v2\/users\/1"}],"replies":[{"embeddable":true,"href":"https:\/\/omanverified.com\/de\/wp-json\/wp\/v2\/comments?post=33"}],"version-history":[{"count":2,"href":"https:\/\/omanverified.com\/de\/wp-json\/wp\/v2\/pages\/33\/revisions"}],"predecessor-version":[{"id":907,"href":"https:\/\/omanverified.com\/de\/wp-json\/wp\/v2\/pages\/33\/revisions\/907"}],"wp:attachment":[{"href":"https:\/\/omanverified.com\/de\/wp-json\/wp\/v2\/media?parent=33"}],"curies":[{"name":"wp","href":"https:\/\/api.w.org\/{rel}","templated":true}]}}