{"id":724,"date":"2026-03-24T17:39:11","date_gmt":"2026-03-24T13:39:11","guid":{"rendered":"https:\/\/omanverified.com\/?page_id=724"},"modified":"2026-03-25T17:29:03","modified_gmt":"2026-03-25T13:29:03","slug":"meine-herangehensweise","status":"publish","type":"page","link":"https:\/\/omanverified.com\/de\/my-approach\/","title":{"rendered":"Meine Herangehensweise"},"content":{"rendered":"<div class=\"nfd-container is-style-default wp-block-group nfd-bg-effect-grid has-global-padding is-layout-constrained wp-container-core-group-is-layout-9972cd97 wp-block-group-is-layout-constrained\" style=\"min-height:0px;padding-top:100px;padding-right:0;padding-bottom:100px;padding-left:0\">\n<h1 class=\"wp-block-heading\" id=\"h-about-oman-verified\" style=\"margin-bottom:24px\">Meine Herangehensweise<\/h1>\n\n\n\n<p class=\"\">In vielen Unternehmen ist das sichtbare Problem nicht das eigentliche Problem.<\/p>\n\n\n\n<p class=\"\">Gr\u00fcnder haben oft das Gef\u00fchl, dass etwas nicht so l\u00e4uft, wie es sollte \u2013 die Leistung ist unbest\u00e4ndig, die Abl\u00e4ufe sind schwierig oder die Kunden reagieren nicht wie erwartet. Doch die eigentliche Ursache bleibt oft unklar.<\/p>\n\n\n\n<p class=\"\">Meine Arbeit beginnt damit, dass ich \u00fcber die sichtbaren Symptome hinausblicke, um zu verstehen, was das Problem tats\u00e4chlich verursacht.<\/p>\n<\/div>\n\n\n\n<div class=\"nfd-container nfd-p-md is-style-nfd-theme-white nfd-wb-features__features-3 wp-block-group has-medium-font-size has-global-padding is-layout-constrained wp-block-group-is-layout-constrained\">\n<div class=\"nfd-text-base nfd-gap-xl wp-block-columns is-layout-flex wp-container-core-columns-is-layout-28f84493 wp-block-columns-is-layout-flex\">\n<div class=\"wp-block-column is-layout-flow wp-block-column-is-layout-flow\">\n<div class=\"nfd-shadow-xs nfd-p-card-square nfd-rounded nfd-gap-md is-style-nfd-theme-white wp-block-group has-large-font-size nfd-bg-effect-grid-perspective is-vertical is-content-justification-left is-layout-flex wp-container-core-group-is-layout-dd225191 wp-block-group-is-layout-flex\" style=\"border-width:1px\">\n<p class=\"nfd-text-xl nfd-text-primary nfd-text-balance has-text-align-left has-accent-1-color has-text-color has-link-color wp-elements-5141fba5c32f0ce128dfe322c4cd28eb\" style=\"font-style:normal;font-weight:300;letter-spacing:2px\">01<\/p>\n\n\n\n<h2 class=\"nfd-text-md nfd-text-contrast wp-block-heading has-text-align-left has-x-large-font-size\">Den Gr\u00fcnder verstehen<\/h2>\n\n\n\n<div class=\"wp-block-group is-nowrap is-layout-flex wp-container-core-group-is-layout-6c531013 wp-block-group-is-layout-flex\">\n<div class=\"alignleft wp-block-separator has-text-color has-accent-1-color has-alpha-channel-opacity has-accent-1-background-color has-background\" style=\"margin-top:0px;margin-bottom:26px\"><\/div>\n<\/div>\n\n\n\n<p class=\"has-accent-3-color has-text-color\">Jede Zusammenarbeit beginnt mit dem Verst\u00e4ndnis der Perspektive des Gr\u00fcnders.<\/p>\n\n\n\n<p class=\"nfd-text-balance nfd-text-faded  has-text-align-left\">Bevor ich mir das Unternehmen selbst genauer ansehe, spreche ich zun\u00e4chst mit dem Inhaber, um zu verstehen, wie er \u00fcber sein Unternehmen denkt, welche Priorit\u00e4ten er setzt und welche Annahmen er trifft. Oftmals liefert die Denkweise hinter dem Unternehmen wichtige Hinweise auf die bestehende Struktur.<\/p>\n<\/div>\n<\/div>\n\n\n\n<div class=\"wp-block-column is-layout-flow wp-block-column-is-layout-flow\">\n<div class=\"nfd-shadow-xs nfd-p-card-square nfd-rounded nfd-gap-md is-style-nfd-theme-white wp-block-group has-large-font-size nfd-bg-effect-grid-perspective is-vertical is-content-justification-left is-layout-flex wp-container-core-group-is-layout-dd225191 wp-block-group-is-layout-flex\" style=\"border-width:1px\">\n<p class=\"nfd-text-xl nfd-text-primary nfd-text-balance has-text-align-left has-accent-1-color has-text-color has-link-color wp-elements-e3ab6dbaff0f3d5f60becd9c3f5d13f9\" style=\"font-style:normal;font-weight:300;letter-spacing:2px\">02<\/p>\n\n\n\n<h2 class=\"nfd-text-md nfd-text-contrast wp-block-heading has-text-align-left has-x-large-font-size\">Beobachtung des Gesch\u00e4fts<\/h2>\n\n\n\n<div class=\"wp-block-group is-nowrap is-layout-flex wp-container-core-group-is-layout-6c531013 wp-block-group-is-layout-flex\">\n<div class=\"alignleft wp-block-separator has-text-color has-accent-1-color has-alpha-channel-opacity has-accent-1-background-color has-background\" style=\"margin-top:0px;margin-bottom:26px\"><\/div>\n<\/div>\n\n\n\n<div class=\"wp-block-group is-layout-flow wp-block-group-is-layout-flow\">\n<p class=\"\">Sobald ein grundlegendes Verst\u00e4ndnis geschaffen ist, betrachte ich das Unternehmen aus zwei Perspektiven.<\/p>\n\n\n\n<p class=\"\">Zun\u00e4chst betrachte ich das Unternehmen aus der Perspektive eines Kunden \u2013 ich erlebe den Service, das Umfeld und die Interaktion mit dem Unternehmen.<\/p>\n\n\n\n<p class=\"\">Dann untersuche ich das Unternehmen von innen: wie es funktioniert, wie Entscheidungen getroffen werden und wie die Struktur das Unternehmen unterst\u00fctzt oder einschr\u00e4nkt.<\/p>\n<\/div>\n<\/div>\n<\/div>\n\n\n\n<div class=\"wp-block-column is-layout-flow wp-block-column-is-layout-flow\">\n<div class=\"nfd-shadow-xs nfd-p-card-square nfd-rounded nfd-gap-md is-style-nfd-theme-white wp-block-group has-large-font-size nfd-bg-effect-grid-perspective is-vertical is-content-justification-left is-layout-flex wp-container-core-group-is-layout-dd225191 wp-block-group-is-layout-flex\" style=\"border-width:1px\">\n<p class=\"nfd-text-xl nfd-text-primary nfd-text-balance has-text-align-left has-accent-1-color has-text-color has-link-color wp-elements-3cd0321afef92d2d23764751355bf5dd\" style=\"font-style:normal;font-weight:300;letter-spacing:2px\">03<\/p>\n\n\n\n<h2 class=\"nfd-text-md nfd-text-contrast wp-block-heading has-text-align-left has-x-large-font-size\">Das eigentliche Problem erkennen<\/h2>\n\n\n\n<div class=\"wp-block-group is-nowrap is-layout-flex wp-container-core-group-is-layout-6c531013 wp-block-group-is-layout-flex\">\n<div class=\"alignleft wp-block-separator has-text-color has-accent-1-color has-alpha-channel-opacity has-accent-1-background-color has-background\" style=\"margin-top:0px;margin-bottom:26px\"><\/div>\n<\/div>\n\n\n\n<div class=\"wp-block-group is-layout-flow wp-block-group-is-layout-flow\">\n<p class=\"\">Viele Unternehmen versuchen, sichtbare Symptome zu bek\u00e4mpfen, ohne die eigentliche Ursache zu identifizieren.<\/p>\n\n\n\n<p class=\"\">Es ist \u00fcblich, dass Unternehmen Modelle kopieren, die anderswo erfolgreich zu sein scheinen, oder Ideen anwenden, die nicht zu ihrem Markt, ihren Kunden oder den F\u00e4higkeiten des Gr\u00fcnders passen.<\/p>\n\n\n\n<p class=\"\">Mein Ziel ist es, die strukturellen Ursachen der sichtbaren Probleme zu finden.<\/p>\n<\/div>\n<\/div>\n<\/div>\n<\/div>\n<\/div>\n\n\n\n<div class=\"nfd-container is-style-default wp-block-group has-global-padding is-layout-constrained wp-block-group-is-layout-constrained\" style=\"padding-top:100px;padding-bottom:100px\">\n<h2 class=\"wp-block-heading\" id=\"h-who-i-work-with\" style=\"margin-bottom:24px\">Wenn ein Unternehmen aufgebaut wird<\/h2>\n\n\n\n<div class=\"wp-block-group is-nowrap is-layout-flex wp-container-core-group-is-layout-6c531013 wp-block-group-is-layout-flex\">\n<div class=\"alignleft wp-block-separator has-text-color has-accent-1-color has-alpha-channel-opacity has-accent-1-background-color has-background\" style=\"margin-top:0px;margin-bottom:26px\"><\/div>\n<\/div>\n\n\n\n<div class=\"wp-block-group is-layout-flow wp-block-group-is-layout-flow\">\n<p class=\"\">Der gleiche Ansatz gilt auch dann, wenn ein Unternehmen noch in der Planungsphase ist.<\/p>\n\n\n\n<p class=\"\">Viele neu gegr\u00fcndete Unternehmen starten mit viel Energie und Ideen, aber ohne klare Struktur, eindeutige Priorit\u00e4ten oder ein realistisches Marktverst\u00e4ndnis. In solchen Situationen passieren oft schon in der Anfangsphase gravierende Fehler, deren Korrektur sp\u00e4ter umso kostspieliger wird.<\/p>\n\n\n\n<p class=\"\">In diesen F\u00e4llen ist es meine Aufgabe, eine st\u00e4rkere Grundlage f\u00fcr das Unternehmen zu schaffen \u2013 das Konzept, die Positionierung und die grundlegende Struktur, auf die sich das Unternehmen st\u00fctzen wird, zu verdeutlichen.<\/p>\n\n\n\n<p class=\"\">Ziel ist es nicht nur, ein Unternehmen zu gr\u00fcnden, sondern es auf einem soliden Fundament zu gr\u00fcnden.<\/p>\n<\/div>\n<\/div>\n\n\n\n<div class=\"nfd-container is-style-default wp-block-group has-base-background-color has-background has-global-padding is-layout-constrained wp-block-group-is-layout-constrained\" style=\"padding-top:100px;padding-bottom:100px\">\n<h2 class=\"wp-block-heading\" id=\"h-who-i-work-with\" style=\"margin-bottom:24px\">Beim Eintritt in einen neuen Markt<\/h2>\n\n\n\n<div class=\"wp-block-group is-nowrap is-layout-flex wp-container-core-group-is-layout-6c531013 wp-block-group-is-layout-flex\">\n<div class=\"alignleft wp-block-separator has-text-color has-accent-1-color has-alpha-channel-opacity has-accent-1-background-color has-background\" style=\"margin-top:0px;margin-bottom:26px\"><\/div>\n<\/div>\n\n\n\n<div class=\"wp-block-group is-layout-flow wp-block-group-is-layout-flow\">\n<p class=\"\">Wenn ein Gr\u00fcnder oder Investor plant, in den Oman einzusteigen, besteht die Herausforderung nicht nur in administrativen Schritten.<\/p>\n\n\n\n<p class=\"\">Der Eintritt in einen neuen Markt erfordert eine klare Abfolge von Entscheidungen, das Bewusstsein f\u00fcr Risiken und einen strukturierten Ansatz f\u00fcr den Aufbau des Gesch\u00e4fts in einem neuen Umfeld.<\/p>\n\n\n\n<p class=\"\">In solchen Situationen konzentriert sich meine Arbeit darauf, Gr\u00fcndern zu helfen, mit mehr Klarheit und Struktur voranzukommen.<\/p>\n<\/div>\n<\/div>\n\n\n\n<div class=\"nfd-container is-style-default wp-block-group has-contrast-background-color has-background has-global-padding is-layout-constrained wp-block-group-is-layout-constrained\" style=\"padding-top:100px;padding-bottom:100px\">\n<h2 class=\"wp-block-heading has-accent-2-color has-text-color has-link-color wp-elements-002d7ff73e2e75b2c0784622a17b88ba\" id=\"h-who-i-work-with\" style=\"margin-bottom:24px\">Struktur und Klarheit schaffen<\/h2>\n\n\n\n<div class=\"wp-block-group is-nowrap is-layout-flex wp-container-core-group-is-layout-6c531013 wp-block-group-is-layout-flex\">\n<div class=\"alignleft wp-block-separator has-text-color has-accent-1-color has-alpha-channel-opacity has-accent-1-background-color has-background\" style=\"margin-top:0px;margin-bottom:26px\"><\/div>\n<\/div>\n\n\n\n<div class=\"wp-block-group is-layout-flow wp-block-group-is-layout-flow\">\n<p class=\"has-accent-2-color has-text-color has-link-color wp-elements-79612f77af0862c27d1fea18bd8d0a72\">Sobald das eigentliche Problem erkannt ist, wird das Ziel klar: Struktur, Klarheit und die richtige Abfolge der Schritte in die Situation zu bringen.<\/p>\n\n\n\n<p class=\"has-base-color has-text-color has-link-color wp-elements-447e9c000c5d365fe61a87ed45f5cd9d\">Nicht jedes Unternehmen ben\u00f6tigt dieselbe L\u00f6sung. Manchmal liegt das Problem in der Positionierung, manchmal in der Struktur, im Kundenerlebnis oder in der operativen Ausrichtung.<\/p>\n\n\n\n<p class=\"has-accent-2-color has-text-color has-link-color wp-elements-62a6fccd5a7b07e679be1a9147cd60fa translation-block\">Ziel ist nicht Komplexit\u00e4t, sondern Klarheit. Meine Spezialit\u00e4t ist einfach: <strong>das richtige Problem zu identifizieren und, wenn m\u00f6glich, die passende L\u00f6sung zu entwickeln.<\/strong><\/p>\n<\/div>\n<\/div>\n\n\n\n<div class=\"nfd-container is-style-default wp-block-group has-base-background-color has-background nfd-bg-effect-dots has-global-padding is-layout-constrained wp-block-group-is-layout-constrained\" style=\"padding-top:100px;padding-bottom:100px\">\n<div class=\"wp-block-group is-layout-flow wp-block-group-is-layout-flow\">\n<h2 class=\"wp-block-heading\" id=\"h-closing-cta\" style=\"margin-bottom:18px\">Strategische Beratung<\/h2>\n\n\n\n<div class=\"wp-block-group is-nowrap is-layout-flex wp-container-core-group-is-layout-6c531013 wp-block-group-is-layout-flex\">\n<div class=\"alignleft wp-block-separator has-text-color has-accent-1-color has-alpha-channel-opacity has-accent-1-background-color has-background\" style=\"margin-top:0px;margin-bottom:26px\"><\/div>\n<\/div>\n\n\n\n<p class=\"has-accent-3-color has-text-color\" style=\"margin-bottom:30px\">Es bereitet mir Freude, Gesch\u00e4ftsprobleme aufzudecken und zu l\u00f6sen.<br>Wir k\u00f6nnen mit einem vertraulichen Beratungsgespr\u00e4ch beginnen.<\/p>\n\n\n\n<div class=\"is-style-default wp-block-group is-content-justification-left is-nowrap is-layout-flex wp-container-core-group-is-layout-fc9f69e7 wp-block-group-is-layout-flex\">\n<div class=\"wp-block-buttons is-layout-flex wp-block-buttons-is-layout-flex\">\n<div class=\"is-style-outline wp-block-button has-custom-width wp-block-button__width-100 is-style-outline--1\" id=\"https:\/\/omanverified.com\/private-consultation\/\"><a class=\"wp-block-button__link has-contrast-color has-accent-2-background-color has-text-color has-background has-border-color has-accent-1-border-color wp-element-button\" href=\"https:\/\/omanverified.com\/de\/strategische-beratung\/\" style=\"border-width:2px;border-top-left-radius:4px;border-top-right-radius:4px;border-bottom-left-radius:4px;border-bottom-right-radius:4px;padding-top:14px;padding-right:26px;padding-bottom:14px;padding-left:26px\">Strategische Beratung anfordern<\/a><\/div>\n<\/div>\n\n\n\n<p class=\"has-accent-3-color has-text-color has-small-font-size\" style=\"margin-top:12px\"><\/p>\n<\/div>\n\n\n\n<p class=\"is-style-text-wrap-balance has-accent-3-color has-text-color has-small-font-size is-style-text-wrap-balance--2\" style=\"margin-top:12px;margin-bottom:12px\">Beratung beginnt mit der Abstimmung.<\/p>\n<\/div>\n<\/div>","protected":false},"excerpt":{"rendered":"<p>My Approach In many businesses, the visible problem is not the real problem. Founders often feel that something is not working as it should \u2014 performance is inconsistent, operations feel difficult, or customers are not responding as expected. Yet the real cause behind the situation often remains unclear. My work begins by looking beyond the [&hellip;]<\/p>\n","protected":false},"author":1,"featured_media":0,"parent":0,"menu_order":0,"comment_status":"closed","ping_status":"closed","template":"page-no-title","meta":{"nf_dc_page":"","footnotes":""},"class_list":["post-724","page","type-page","status-publish","hentry"],"_links":{"self":[{"href":"https:\/\/omanverified.com\/de\/wp-json\/wp\/v2\/pages\/724","targetHints":{"allow":["GET"]}}],"collection":[{"href":"https:\/\/omanverified.com\/de\/wp-json\/wp\/v2\/pages"}],"about":[{"href":"https:\/\/omanverified.com\/de\/wp-json\/wp\/v2\/types\/page"}],"author":[{"embeddable":true,"href":"https:\/\/omanverified.com\/de\/wp-json\/wp\/v2\/users\/1"}],"replies":[{"embeddable":true,"href":"https:\/\/omanverified.com\/de\/wp-json\/wp\/v2\/comments?post=724"}],"version-history":[{"count":0,"href":"https:\/\/omanverified.com\/de\/wp-json\/wp\/v2\/pages\/724\/revisions"}],"wp:attachment":[{"href":"https:\/\/omanverified.com\/de\/wp-json\/wp\/v2\/media?parent=724"}],"curies":[{"name":"wp","href":"https:\/\/api.w.org\/{rel}","templated":true}]}}